{"id":41,"date":"2023-03-19T17:30:49","date_gmt":"2023-03-19T16:30:49","guid":{"rendered":"http:\/\/clapsetdeclics.fr\/?page_id=41"},"modified":"2024-10-23T11:06:29","modified_gmt":"2024-10-23T09:06:29","slug":"images-aeriennes","status":"publish","type":"page","link":"https:\/\/clapsetdeclics.fr\/index.php\/images-aeriennes\/","title":{"rendered":"Images a\u00e9riennes au drone"},"content":{"rendered":"\n<p>Le drone est un outil magique qui permet de s&#8217;affranchir \u00e0 moindre coup des contraintes d&#8217;un simple terrien. <\/p>\n\n\n\n<div class=\"wp-block-columns is-layout-flex wp-container-core-columns-is-layout-9d6595d7 wp-block-columns-is-layout-flex\">\n<div class=\"wp-block-column is-layout-flow wp-block-column-is-layout-flow\" style=\"flex-basis:66.66%\">\n<figure class=\"wp-block-image size-large\"><a href=\"http:\/\/clapsetdeclics.fr\/wp-content\/uploads\/2023\/03\/DJI_0094-scaled.jpg\" target=\"_blank\" rel=\"noreferrer noopener\"><img loading=\"lazy\" decoding=\"async\" width=\"1024\" height=\"576\" src=\"http:\/\/clapsetdeclics.fr\/wp-content\/uploads\/2023\/03\/DJI_0094-1024x576.jpg\" alt=\"\" class=\"wp-image-208\" srcset=\"https:\/\/clapsetdeclics.fr\/wp-content\/uploads\/2023\/03\/DJI_0094-1024x576.jpg 1024w, https:\/\/clapsetdeclics.fr\/wp-content\/uploads\/2023\/03\/DJI_0094-300x169.jpg 300w, https:\/\/clapsetdeclics.fr\/wp-content\/uploads\/2023\/03\/DJI_0094-768x432.jpg 768w, https:\/\/clapsetdeclics.fr\/wp-content\/uploads\/2023\/03\/DJI_0094-1536x864.jpg 1536w, https:\/\/clapsetdeclics.fr\/wp-content\/uploads\/2023\/03\/DJI_0094-2048x1152.jpg 2048w\" sizes=\"auto, (max-width: 706px) 89vw, (max-width: 767px) 82vw, 740px\" \/><\/a><\/figure>\n<\/div>\n\n\n\n<div class=\"wp-block-column is-layout-flow wp-block-column-is-layout-flow\" style=\"flex-basis:33.33%\">\n<p>Il n&#8217;y a de limites que votre imagination !<\/p>\n<\/div>\n<\/div>\n\n\n\n<div class=\"wp-block-columns is-layout-flex wp-container-core-columns-is-layout-9d6595d7 wp-block-columns-is-layout-flex\">\n<div class=\"wp-block-column is-layout-flow wp-block-column-is-layout-flow\" style=\"flex-basis:33.33%\">\n<p>Benjamin L\u00e9v\u00eaque, t\u00e9l\u00e9pilote de drone professionnel d\u00e9clar\u00e9 \u00e0 la Direction g\u00e9n\u00e9rale de l&#8217;aviation civile (DGAC). Le s\u00e9same qui permet d&#8217;obtenir des autorisations de vol en zone urbaine ou sensible.<\/p>\n<\/div>\n\n\n\n<div class=\"wp-block-column is-layout-flow wp-block-column-is-layout-flow\" style=\"flex-basis:66.66%\">\n<figure class=\"wp-block-image size-large\"><a href=\"http:\/\/clapsetdeclics.fr\/wp-content\/uploads\/2023\/03\/Telepilote-Drone-neige.jpg\" target=\"_blank\" rel=\"noreferrer noopener\"><img loading=\"lazy\" decoding=\"async\" width=\"635\" height=\"1024\" src=\"http:\/\/clapsetdeclics.fr\/wp-content\/uploads\/2023\/03\/Telepilote-Drone-neige-635x1024.jpg\" alt=\"\" class=\"wp-image-66\" srcset=\"https:\/\/clapsetdeclics.fr\/wp-content\/uploads\/2023\/03\/Telepilote-Drone-neige-635x1024.jpg 635w, https:\/\/clapsetdeclics.fr\/wp-content\/uploads\/2023\/03\/Telepilote-Drone-neige-186x300.jpg 186w, https:\/\/clapsetdeclics.fr\/wp-content\/uploads\/2023\/03\/Telepilote-Drone-neige-768x1238.jpg 768w, https:\/\/clapsetdeclics.fr\/wp-content\/uploads\/2023\/03\/Telepilote-Drone-neige.jpg 900w\" sizes=\"auto, (max-width: 635px) 100vw, 635px\" \/><\/a><\/figure>\n<\/div>\n<\/div>\n\n\n\n<figure class=\"wp-block-image size-large\"><a href=\"https:\/\/clapsetdeclics.fr\/wp-content\/uploads\/2024\/10\/abbaye-PTGUI.png\" target=\"_blank\" rel=\"noreferrer noopener\"><img loading=\"lazy\" decoding=\"async\" width=\"1024\" height=\"563\" src=\"https:\/\/clapsetdeclics.fr\/wp-content\/uploads\/2024\/10\/abbaye-PTGUI-1024x563.png\" alt=\"\" class=\"wp-image-456\" srcset=\"https:\/\/clapsetdeclics.fr\/wp-content\/uploads\/2024\/10\/abbaye-PTGUI-1024x563.png 1024w, https:\/\/clapsetdeclics.fr\/wp-content\/uploads\/2024\/10\/abbaye-PTGUI-300x165.png 300w, https:\/\/clapsetdeclics.fr\/wp-content\/uploads\/2024\/10\/abbaye-PTGUI-768x422.png 768w, https:\/\/clapsetdeclics.fr\/wp-content\/uploads\/2024\/10\/abbaye-PTGUI-1536x844.png 1536w, https:\/\/clapsetdeclics.fr\/wp-content\/uploads\/2024\/10\/abbaye-PTGUI.png 1919w\" sizes=\"auto, (max-width: 706px) 89vw, (max-width: 767px) 82vw, 740px\" \/><\/a><\/figure>\n\n\n\n<p><\/p>\n","protected":false},"excerpt":{"rendered":"<p>Le drone est un outil magique qui permet de s&#8217;affranchir \u00e0 moindre coup des contraintes d&#8217;un simple terrien. Il n&#8217;y a de limites que votre imagination ! Benjamin L\u00e9v\u00eaque, t\u00e9l\u00e9pilote de drone professionnel d\u00e9clar\u00e9 \u00e0 la Direction g\u00e9n\u00e9rale de l&#8217;aviation civile (DGAC). Le s\u00e9same qui permet d&#8217;obtenir des autorisations de vol en zone urbaine ou &hellip; <\/p>\n<p class=\"link-more\"><a href=\"https:\/\/clapsetdeclics.fr\/index.php\/images-aeriennes\/\" class=\"more-link\">Continue reading<span class=\"screen-reader-text\"> &#8220;Images a\u00e9riennes au drone&#8221;<\/span><\/a><\/p>\n","protected":false},"author":1,"featured_media":0,"parent":0,"menu_order":0,"comment_status":"closed","ping_status":"closed","template":"","meta":{"footnotes":""},"class_list":["post-41","page","type-page","status-publish","hentry"],"_links":{"self":[{"href":"https:\/\/clapsetdeclics.fr\/index.php\/wp-json\/wp\/v2\/pages\/41","targetHints":{"allow":["GET"]}}],"collection":[{"href":"https:\/\/clapsetdeclics.fr\/index.php\/wp-json\/wp\/v2\/pages"}],"about":[{"href":"https:\/\/clapsetdeclics.fr\/index.php\/wp-json\/wp\/v2\/types\/page"}],"author":[{"embeddable":true,"href":"https:\/\/clapsetdeclics.fr\/index.php\/wp-json\/wp\/v2\/users\/1"}],"replies":[{"embeddable":true,"href":"https:\/\/clapsetdeclics.fr\/index.php\/wp-json\/wp\/v2\/comments?post=41"}],"version-history":[{"count":68,"href":"https:\/\/clapsetdeclics.fr\/index.php\/wp-json\/wp\/v2\/pages\/41\/revisions"}],"predecessor-version":[{"id":459,"href":"https:\/\/clapsetdeclics.fr\/index.php\/wp-json\/wp\/v2\/pages\/41\/revisions\/459"}],"wp:attachment":[{"href":"https:\/\/clapsetdeclics.fr\/index.php\/wp-json\/wp\/v2\/media?parent=41"}],"curies":[{"name":"wp","href":"https:\/\/api.w.org\/{rel}","templated":true}]}}