{"id":40,"date":"2023-03-19T17:30:49","date_gmt":"2023-03-19T16:30:49","guid":{"rendered":"http:\/\/clapsetdeclics.fr\/?page_id=40"},"modified":"2025-12-11T15:53:07","modified_gmt":"2025-12-11T14:53:07","slug":"realisation-video","status":"publish","type":"page","link":"https:\/\/clapsetdeclics.fr\/index.php\/realisation-video\/","title":{"rendered":"R\u00e9alisation vid\u00e9o"},"content":{"rendered":"\n<p>Claps &amp; D\u00e9clics r\u00e9alise int\u00e9gralement vos vid\u00e9os depuis la captation des images jusqu\u2019au montage final. R\u00e9activit\u00e9, sensibilit\u00e9 et \u00e9coute sont les ma\u00eetres-mots de notre travail.<\/p>\n\n\n\n<hr class=\"wp-block-separator has-alpha-channel-opacity\"\/>\n\n\n\n<div class=\"wp-block-columns is-layout-flex wp-container-core-columns-is-layout-9d6595d7 wp-block-columns-is-layout-flex\">\n<div class=\"wp-block-column is-layout-flow wp-block-column-is-layout-flow\" style=\"flex-basis:33.33%\">\n<p>Des captations multi-cam\u00e9ras pour la r\u00e9alisation de teasers percutants.<br><\/p>\n\n\n\n<div style=\"height:33px\" aria-hidden=\"true\" class=\"wp-block-spacer\"><\/div>\n\n\n<div style=\"padding:56.25% 0 0 0;position:relative;\"><iframe src=\"https:\/\/player.vimeo.com\/video\/1056073155#t=46?h=6e3764e378&amp;badge=0&amp;autopause=0&amp;player_id=0&amp;app_id=58479\" frameborder=\"0\" allow=\"autoplay; fullscreen; picture-in-picture\" allowfullscreen=\"\" style=\"position:absolute;top:0;left:0;width:100%;height:100%;\" title=\"Mort d&amp;#039;une Montagne - Teaser\"><\/iframe><\/div>\n<p><script src=\"https:\/\/player.vimeo.com\/api\/player.js\"><\/script><\/p>\n\n\n\n<p class=\"has-text-align-center has-small-font-size\">Exemple de teaser de th\u00e9\u00e2tre<\/p>\n<\/div>\n\n\n\n<div class=\"wp-block-column is-layout-flow wp-block-column-is-layout-flow\" style=\"flex-basis:66.66%\">\n<figure class=\"wp-block-image size-large\"><a href=\"http:\/\/clapsetdeclics.fr\/wp-content\/uploads\/2023\/03\/Station-montage-3ecrans-scaled.jpg\" target=\"_blank\" rel=\"noreferrer noopener\"><img loading=\"lazy\" decoding=\"async\" width=\"1024\" height=\"728\" src=\"http:\/\/clapsetdeclics.fr\/wp-content\/uploads\/2023\/03\/Station-montage-3ecrans-1024x728.jpg\" alt=\"\" class=\"wp-image-64\" srcset=\"https:\/\/clapsetdeclics.fr\/wp-content\/uploads\/2023\/03\/Station-montage-3ecrans-1024x728.jpg 1024w, https:\/\/clapsetdeclics.fr\/wp-content\/uploads\/2023\/03\/Station-montage-3ecrans-300x213.jpg 300w, https:\/\/clapsetdeclics.fr\/wp-content\/uploads\/2023\/03\/Station-montage-3ecrans-768x546.jpg 768w, https:\/\/clapsetdeclics.fr\/wp-content\/uploads\/2023\/03\/Station-montage-3ecrans-1536x1092.jpg 1536w, https:\/\/clapsetdeclics.fr\/wp-content\/uploads\/2023\/03\/Station-montage-3ecrans-2048x1455.jpg 2048w\" sizes=\"auto, (max-width: 706px) 89vw, (max-width: 767px) 82vw, 740px\" \/><\/a><\/figure>\n<\/div>\n<\/div>\n\n\n\n<div class=\"wp-block-columns is-layout-flex wp-container-core-columns-is-layout-9d6595d7 wp-block-columns-is-layout-flex\">\n<div class=\"wp-block-column is-layout-flow wp-block-column-is-layout-flow\" style=\"flex-basis:66.66%\">\n<figure class=\"wp-block-image size-large\"><a href=\"http:\/\/clapsetdeclics.fr\/wp-content\/uploads\/2023\/03\/Exemple-tournage.jpeg\" target=\"_blank\" rel=\"noreferrer noopener\"><img loading=\"lazy\" decoding=\"async\" width=\"1024\" height=\"768\" src=\"http:\/\/clapsetdeclics.fr\/wp-content\/uploads\/2023\/03\/Exemple-tournage-1024x768.jpeg\" alt=\"\" class=\"wp-image-58\" srcset=\"https:\/\/clapsetdeclics.fr\/wp-content\/uploads\/2023\/03\/Exemple-tournage-1024x768.jpeg 1024w, https:\/\/clapsetdeclics.fr\/wp-content\/uploads\/2023\/03\/Exemple-tournage-300x225.jpeg 300w, https:\/\/clapsetdeclics.fr\/wp-content\/uploads\/2023\/03\/Exemple-tournage-768x576.jpeg 768w, https:\/\/clapsetdeclics.fr\/wp-content\/uploads\/2023\/03\/Exemple-tournage-1536x1152.jpeg 1536w, https:\/\/clapsetdeclics.fr\/wp-content\/uploads\/2023\/03\/Exemple-tournage.jpeg 1600w\" sizes=\"auto, (max-width: 706px) 89vw, (max-width: 767px) 82vw, 740px\" \/><\/a><\/figure>\n<\/div>\n\n\n\n<div class=\"wp-block-column is-layout-flow wp-block-column-is-layout-flow\" style=\"flex-basis:33.33%\">\n<p>Des images institutionnelles pour promouvoir votre activit\u00e9.<\/p>\n\n\n\n<div style=\"height:32px\" aria-hidden=\"true\" class=\"wp-block-spacer\"><\/div>\n\n\n<div style=\"padding:56.25% 0 0 0;position:relative;\"><iframe src=\"https:\/\/player.vimeo.com\/video\/745819671#t=71?h=6076fdbb21&amp;badge=0&amp;autopause=0&amp;player_id=0&amp;app_id=58479\" frameborder=\"0\" allow=\"autoplay; fullscreen; picture-in-picture\" allowfullscreen=\"\" style=\"position:absolute;top:0;left:0;width:100%;height:100%;\" title=\"Alpas - Mer ou montagne ?\"><\/iframe><\/div>\n<p><script src=\"https:\/\/player.vimeo.com\/api\/player.js\"><\/script><\/p>\n\n\n\n<p class=\"has-text-align-center has-small-font-size\">Exemple lors de s\u00e9jours adapt\u00e9s<\/p>\n<\/div>\n<\/div>\n\n\n\n<div class=\"wp-block-columns is-layout-flex wp-container-core-columns-is-layout-9d6595d7 wp-block-columns-is-layout-flex\">\n<div class=\"wp-block-column is-layout-flow wp-block-column-is-layout-flow\" style=\"flex-basis:33.33%\">\n<p>De l&#8217;action outdoor au coeur des \u00e9l\u00e9ments.<\/p>\n\n\n<div style=\"padding:56.25% 0 0 0;position:relative;\"><iframe src=\"https:\/\/player.vimeo.com\/video\/363268445#t=41?h=6e3764e378&amp;badge=0&amp;autopause=0&amp;player_id=0&amp;app_id=58479\" frameborder=\"0\" allow=\"autoplay; fullscreen; picture-in-picture\" allowfullscreen=\"\" style=\"position:absolute;top:0;left:0;width:100%;height:100%;\" title=\"Mort d&amp;#039;une Montagne - Teaser\"><\/iframe><\/div>\n<p><script src=\"https:\/\/player.vimeo.com\/api\/player.js\"><\/script><\/p>\n\n\n\n<p class=\"has-text-align-center has-small-font-size\"><\/p>\n<\/div>\n\n\n\n<div class=\"wp-block-column is-layout-flow wp-block-column-is-layout-flow\" style=\"flex-basis:66.66%\">\n<figure class=\"wp-block-image size-large\"><a href=\"http:\/\/clapsetdeclics.fr\/wp-content\/uploads\/2023\/03\/Telecommande-drone-chateau-vizille-scaled.jpg\" target=\"_blank\" rel=\"noreferrer noopener\"><img loading=\"lazy\" decoding=\"async\" width=\"1024\" height=\"576\" src=\"http:\/\/clapsetdeclics.fr\/wp-content\/uploads\/2023\/03\/Telecommande-drone-chateau-vizille-1024x576.jpg\" alt=\"\" class=\"wp-image-65\" srcset=\"https:\/\/clapsetdeclics.fr\/wp-content\/uploads\/2023\/03\/Telecommande-drone-chateau-vizille-1024x576.jpg 1024w, https:\/\/clapsetdeclics.fr\/wp-content\/uploads\/2023\/03\/Telecommande-drone-chateau-vizille-300x169.jpg 300w, https:\/\/clapsetdeclics.fr\/wp-content\/uploads\/2023\/03\/Telecommande-drone-chateau-vizille-768x432.jpg 768w, https:\/\/clapsetdeclics.fr\/wp-content\/uploads\/2023\/03\/Telecommande-drone-chateau-vizille-1536x864.jpg 1536w, https:\/\/clapsetdeclics.fr\/wp-content\/uploads\/2023\/03\/Telecommande-drone-chateau-vizille-2048x1152.jpg 2048w\" sizes=\"auto, (max-width: 706px) 89vw, (max-width: 767px) 82vw, 740px\" \/><\/a><\/figure>\n<\/div>\n<\/div>\n","protected":false},"excerpt":{"rendered":"<p>Claps &amp; D\u00e9clics r\u00e9alise int\u00e9gralement vos vid\u00e9os depuis la captation des images jusqu\u2019au montage final. R\u00e9activit\u00e9, sensibilit\u00e9 et \u00e9coute sont les ma\u00eetres-mots de notre travail. Des captations multi-cam\u00e9ras pour la r\u00e9alisation de teasers percutants. Exemple de teaser de th\u00e9\u00e2tre Des images institutionnelles pour promouvoir votre activit\u00e9. Exemple lors de s\u00e9jours adapt\u00e9s De l&#8217;action outdoor au &hellip; <\/p>\n<p class=\"link-more\"><a href=\"https:\/\/clapsetdeclics.fr\/index.php\/realisation-video\/\" class=\"more-link\">Continue reading<span class=\"screen-reader-text\"> &#8220;R\u00e9alisation vid\u00e9o&#8221;<\/span><\/a><\/p>\n","protected":false},"author":1,"featured_media":0,"parent":0,"menu_order":0,"comment_status":"closed","ping_status":"closed","template":"","meta":{"footnotes":""},"class_list":["post-40","page","type-page","status-publish","hentry"],"_links":{"self":[{"href":"https:\/\/clapsetdeclics.fr\/index.php\/wp-json\/wp\/v2\/pages\/40","targetHints":{"allow":["GET"]}}],"collection":[{"href":"https:\/\/clapsetdeclics.fr\/index.php\/wp-json\/wp\/v2\/pages"}],"about":[{"href":"https:\/\/clapsetdeclics.fr\/index.php\/wp-json\/wp\/v2\/types\/page"}],"author":[{"embeddable":true,"href":"https:\/\/clapsetdeclics.fr\/index.php\/wp-json\/wp\/v2\/users\/1"}],"replies":[{"embeddable":true,"href":"https:\/\/clapsetdeclics.fr\/index.php\/wp-json\/wp\/v2\/comments?post=40"}],"version-history":[{"count":49,"href":"https:\/\/clapsetdeclics.fr\/index.php\/wp-json\/wp\/v2\/pages\/40\/revisions"}],"predecessor-version":[{"id":538,"href":"https:\/\/clapsetdeclics.fr\/index.php\/wp-json\/wp\/v2\/pages\/40\/revisions\/538"}],"wp:attachment":[{"href":"https:\/\/clapsetdeclics.fr\/index.php\/wp-json\/wp\/v2\/media?parent=40"}],"curies":[{"name":"wp","href":"https:\/\/api.w.org\/{rel}","templated":true}]}}